{"id":12628,"date":"2025-10-14T11:12:53","date_gmt":"2025-10-14T08:12:53","guid":{"rendered":"https:\/\/megamerch.gr\/?post_type=product&#038;p=12628"},"modified":"2025-11-28T12:41:36","modified_gmt":"2025-11-28T10:41:36","slug":"vafliera-ilektriki-karamco-peristrefomeni-o20cm-26x44x26cm-iwb-1r","status":"publish","type":"product","link":"https:\/\/megamerch.gr\/en\/product\/vafliera-ilektriki-karamco-peristrefomeni-o20cm-26x44x26cm-iwb-1r\/","title":{"rendered":"\u0392\u03b1\u03c6\u03bb\u03b9\u03ad\u03c1\u03b1 \u0397\u03bb\u03b5\u03ba\u03c4\u03c1\u03b9\u03ba\u03ae Karamco \u03a0\u03b5\u03c1\u03b9\u03c3\u03c4\u03c1\u03b5\u03c6\u03cc\u03bc\u03b5\u03bd\u03b7 \u00d820cm 26\u00d744\u00d726cm IWB-1R"},"content":{"rendered":"<p>\u0392\u03b1\u03c6\u03bb\u03b9\u03ad\u03c1\u03b1 \u03b7\u03bb\u03b5\u03ba\u03c4\u03c1\u03b9\u03ba\u03ae \u03bc\u03bf\u03bd\u03ae \u03c0\u03b5\u03c1\u03b9\u03c3\u03c4\u03c1\u03b5\u03c6\u03cc\u03bc\u03b5\u03bd\u03b7 180\u00b0. \u039c\u03b5 \u03b8\u03b5\u03c1\u03bc\u03bf\u03c3\u03c4\u03ac\u03c4\u03b7 \u03b3\u03b9\u03b1 \u03c4\u03b7\u03bd \u03c1\u03cd\u03b8\u03bc\u03b9\u03c3\u03b7 \u03c4\u03b7\u03c2 \u03b8\u03b5\u03c1\u03bc\u03bf\u03ba\u03c1\u03b1\u03c3\u03af\u03b1\u03c2.\u00a0ON\/OFF \u03b4\u03b9\u03b1\u03ba\u03cc\u03c0\u03c4\u03b7. \u03a7\u03c1\u03bf\u03bd\u03bf\u03b4\u03b9\u03b1\u03ba\u03cc\u03c0\u03c4\u03b7 99 \u03bb\u03b5\u03c0\u03c4\u03ce\u03bd.\u00a0\u039c\u03b5 \u03b1\u03bd\u03c4\u03b9\u03ba\u03bf\u03bb\u03bb\u03b7\u03c4\u03b9\u03ba\u03b7 \u03c0\u03bb\u03b1\u03ba\u03b1.<\/p>\n<ul>\n<li>\u0394\u03b9\u03b1\u03c3\u03c4\u03ac\u03c3\u03b5\u03b9\u03c2 \u03c8\u03b7\u03c3\u03c4\u03b9\u03ba\u03b7\u03c2 \u03c0\u03bb\u03ac\u03ba\u03b1\u03c2: \u03a620cm.<\/li>\n<li>\u0394\u03b9\u03b1\u03c3\u03c4\u03b1\u03c3\u03b5\u03b9\u03c2: 26\u00d744\u00d726cm.<\/li>\n<li>\u0399\u03c3\u03c7\u03cd\u03c2: 1,2Kw\/230Volt.<\/li>\n<li>\u0392\u03ac\u03c1\u03bf\u03c2: 34kg.<\/li>\n<\/ul>","protected":false},"excerpt":{"rendered":"<p>\u0392\u03b1\u03c6\u03bb\u03b9\u03ad\u03c1\u03b1 \u03b7\u03bb\u03b5\u03ba\u03c4\u03c1\u03b9\u03ba\u03ae \u03bc\u03bf\u03bd\u03ae \u03c0\u03b5\u03c1\u03b9\u03c3\u03c4\u03c1\u03b5\u03c6\u03cc\u03bc\u03b5\u03bd\u03b7 180\u00b0. \u039c\u03b5 \u03b8\u03b5\u03c1\u03bc\u03bf\u03c3\u03c4\u03ac\u03c4\u03b7 \u03b3\u03b9\u03b1 \u03c4\u03b7\u03bd \u03c1\u03cd\u03b8\u03bc\u03b9\u03c3\u03b7 \u03c4\u03b7\u03c2 \u03b8\u03b5\u03c1\u03bc\u03bf\u03ba\u03c1\u03b1\u03c3\u03af\u03b1\u03c2.\u00a0ON\/OFF \u03b4\u03b9\u03b1\u03ba\u03cc\u03c0\u03c4\u03b7. \u03a7\u03c1\u03bf\u03bd\u03bf\u03b4\u03b9\u03b1\u03ba\u03cc\u03c0\u03c4\u03b7 99 \u03bb\u03b5\u03c0\u03c4\u03ce\u03bd.\u00a0\u039c\u03b5 \u03b1\u03bd\u03c4\u03b9\u03ba\u03bf\u03bb\u03bb\u03b7\u03c4\u03b9\u03ba\u03b7 \u03c0\u03bb\u03b1\u03ba\u03b1.<\/p>\n<ul>\n<li>\u0394\u03b9\u03b1\u03c3\u03c4\u03ac\u03c3\u03b5\u03b9\u03c2 \u03c8\u03b7\u03c3\u03c4\u03b9\u03ba\u03b7\u03c2 \u03c0\u03bb\u03ac\u03ba\u03b1\u03c2: \u03a620cm.<\/li>\n<li>\u0394\u03b9\u03b1\u03c3\u03c4\u03b1\u03c3\u03b5\u03b9\u03c2: 26\u00d744\u00d726cm.<\/li>\n<li>\u0399\u03c3\u03c7\u03cd\u03c2: 1,2Kw\/230Volt.<\/li>\n<li>\u0392\u03ac\u03c1\u03bf\u03c2: 34kg.<\/li>\n<\/ul>","protected":false},"featured_media":12629,"template":"","meta":[],"product_brand":[1169],"product_cat":[200,163],"product_tag":[1571,1572,589,1551,523,1570],"class_list":{"0":"post-12628","1":"product","2":"type-product","3":"status-publish","4":"has-post-thumbnail","6":"product_brand-karamco","7":"product_cat-vaflieres","8":"product_cat-epangelmatika","9":"product_tag-26x44x26cm","10":"product_tag-iwb-1r","11":"product_tag-karamco","12":"product_tag-vafliera","13":"product_tag-ilektriki","14":"product_tag-peristrefomeni","15":"pa_typos-ilektriki","17":"first","18":"instock","19":"sale","20":"taxable","21":"shipping-taxable","22":"purchasable","23":"product-type-simple"},"aioseo_notices":[],"_links":{"self":[{"href":"https:\/\/megamerch.gr\/en\/wp-json\/wp\/v2\/product\/12628","targetHints":{"allow":["GET"]}}],"collection":[{"href":"https:\/\/megamerch.gr\/en\/wp-json\/wp\/v2\/product"}],"about":[{"href":"https:\/\/megamerch.gr\/en\/wp-json\/wp\/v2\/types\/product"}],"version-history":[{"count":1,"href":"https:\/\/megamerch.gr\/en\/wp-json\/wp\/v2\/product\/12628\/revisions"}],"predecessor-version":[{"id":12630,"href":"https:\/\/megamerch.gr\/en\/wp-json\/wp\/v2\/product\/12628\/revisions\/12630"}],"wp:featuredmedia":[{"embeddable":true,"href":"https:\/\/megamerch.gr\/en\/wp-json\/wp\/v2\/media\/12629"}],"wp:attachment":[{"href":"https:\/\/megamerch.gr\/en\/wp-json\/wp\/v2\/media?parent=12628"}],"wp:term":[{"taxonomy":"product_brand","embeddable":true,"href":"https:\/\/megamerch.gr\/en\/wp-json\/wp\/v2\/product_brand?post=12628"},{"taxonomy":"product_cat","embeddable":true,"href":"https:\/\/megamerch.gr\/en\/wp-json\/wp\/v2\/product_cat?post=12628"},{"taxonomy":"product_tag","embeddable":true,"href":"https:\/\/megamerch.gr\/en\/wp-json\/wp\/v2\/product_tag?post=12628"}],"curies":[{"name":"wp","href":"https:\/\/api.w.org\/{rel}","templated":true}]}}