{"id":9791,"date":"2025-07-22T13:06:02","date_gmt":"2025-07-22T10:06:02","guid":{"rendered":"https:\/\/megamerch.gr\/?post_type=product&#038;p=9791"},"modified":"2025-07-22T13:06:02","modified_gmt":"2025-07-22T10:06:02","slug":"psygeio-pagkos-syntirisis-bakerline-40x60-233x80x87cm-4-portes-choris-michani-tr-218-4r-artsteel","status":"publish","type":"product","link":"https:\/\/megamerch.gr\/en\/product\/psygeio-pagkos-syntirisis-bakerline-40x60-233x80x87cm-4-portes-choris-michani-tr-218-4r-artsteel\/","title":{"rendered":"\u03a8\u03c5\u03b3\u03b5\u03af\u03bf \u03a0\u03ac\u03b3\u03ba\u03bf\u03c2 \u03a3\u03c5\u03bd\u03c4\u03ae\u03c1\u03b7\u03c3\u03b7\u03c2 Bakerline 40\u00d760, 233\u00d780\u00d787cm 4 \u03a0\u03cc\u03c1\u03c4\u03b5\u03c2, \u03a7\u03c9\u03c1\u03af\u03c2 \u039c\u03b7\u03c7\u03b1\u03bd\u03ae TR-218-4R Artsteel"},"content":{"rendered":"<ul>\n<li>\u039a\u03b1\u03c4\u03b1\u03c3\u03ba\u03b5\u03c5\u03b1\u03c3\u03bc\u03ad\u03bd\u03bf\u03b9\u00a0\u03b5\u03c3\u03c9\u03c4\u03b5\u03c1\u03b9\u03ba\u03ac \u03ba\u03b1\u03b9 \u03b5\u03be\u03c9\u03c4\u03b5\u03c1\u03b9\u03ba\u03ac \u03b1\u03c0\u03cc \u03b1\u03bd\u03bf\u03be\u03b5\u03af\u03b4\u03c9\u03c4\u03bf \u03c7\u03ac\u03bb\u03c5\u03b2\u03b1.<\/li>\n<li>\u039c\u03cc\u03bd\u03c9\u03c3\u03b7 \u03bc\u03b5 \u03bf\u03b9\u03ba\u03bf\u03bb\u03bf\u03b3\u03b9\u03ba\u03ae \u03c0\u03bf\u03bb\u03c5\u03bf\u03c5\u03c1\u03b5\u03b8\u03ac\u03bd\u03b7<\/li>\n<li>\u03a5\u03b3\u03b5\u03b9\u03bf\u03bd\u03bf\u03bc\u03b9\u03ba\u03cc\u03c2 \u03c0\u03ac\u03c4\u03bf\u03c2 \u03c8\u03c5\u03b3\u03b5\u03af\u03bf\u03c5<\/li>\n<li>\u03a3\u03c7\u03ac\u03c1\u03b5\u03c2 \u03c0\u03bb\u03b1\u03c3\u03c4\u03b9\u03ba\u03bf\u03c0\u03bf\u03b9\u03b7\u03bc\u03ad\u03bd\u03b5\u03c2, \u03c1\u03c5\u03b8\u03bc\u03b9\u03b6\u03cc\u03bc\u03b5\u03bd\u03b5\u03c2 \u03ba\u03b1\u03b8&#8217; \u03cd\u03c8\u03bf\u03c2<\/li>\n<li>\u039f\u03b4\u03b7\u03b3\u03bf\u03af inox \u03b3\u03b9\u03b1 GN \u03bb\u03b5\u03ba\u03b1\u03bd\u03ac\u03ba\u03b9\u03b1<\/li>\n<li>\u03a0\u03cc\u03c1\u03c4\u03b1 \u03bc\u03b5 \u03bc\u03b5\u03bd\u03c4\u03b5\u03c3\u03ad\u03b4\u03b5\u03c2 \u03b5\u03c0\u03b1\u03bd\u03b1\u03c6\u03bf\u03c1\u03ac\u03c2<\/li>\n<li>\u03a4\u03b5\u03c1\u03bc\u03b1\u03c4\u03b9\u03ba\u03cc\u03c2 \u03b4\u03b9\u03b1\u03ba\u03cc\u03c0\u03c4\u03b7\u03c2 \u03b3\u03b9\u03b1 \u03b4\u03b9\u03b1\u03ba\u03bf\u03c0\u03ae \u03bb\u03b5\u03b9\u03c4\u03bf\u03c5\u03c1\u03b3\u03af\u03b1\u03c2 \u03c4\u03bf\u03c5 \u03b1\u03bd\u03b5\u03bc\u03b9\u03c3\u03c4\u03ae\u03c1\u03b1 \u03bc\u03b5 \u03c4\u03bf \u03ac\u03bd\u03bf\u03b9\u03b3\u03bc\u03b1 \u03c4\u03b7\u03c2 \u03c0\u03cc\u03c1\u03c4\u03b1\u03c2<\/li>\n<li>\u039c\u03b1\u03b3\u03bd\u03b7\u03c4\u03b9\u03ba\u03ac \u03bb\u03ac\u03c3\u03c4\u03b9\u03c7\u03b1 (\u03b1\u03c6\u03b1\u03b9\u03c1\u03bf\u03cd\u03bc\u03b5\u03bd\u03b1)<\/li>\n<li>\u03a8\u03c5\u03ba\u03c4\u03b9\u03ba\u03cc \u03bf\u03b9\u03ba\u03bf\u03bb\u03bf\u03b3\u03b9\u03ba\u03cc \u03c5\u03b3\u03c1\u03cc R290<\/li>\n<li>\u0397\u03bb\u03b5\u03ba\u03c4\u03c1\u03bf\u03bd\u03b9\u03ba\u03cc\u03c2 \u03b8\u03b5\u03c1\u03bc\u03bf\u03c3\u03c4\u03ac\u03c4\u03b7\u03c2 &#8211; \u03b8\u03b5\u03c1\u03bc\u03cc\u03bc\u03b5\u03c4\u03c1\u03bf \u03b3\u03b9\u03b1 \u03ad\u03bb\u03b5\u03b3\u03c7\u03bf \u03c4\u03b7\u03c2 \u03b8\u03b5\u03c1\u03bc\u03bf\u03ba\u03c1\u03b1\u03c3\u03af\u03b1\u03c2<\/li>\n<li>\u0391\u03c5\u03c4\u03cc\u03bc\u03b1\u03c4\u03b7 \u03b1\u03c0\u03cc\u03c8\u03c5\u03be\u03b7<\/li>\n<li>\u03a3\u03cd\u03c3\u03c4\u03b7\u03bc\u03b1 \u03b1\u03c0\u03bf\u03c7\u03ad\u03c4\u03b5\u03c5\u03c3\u03b7\u03c2 \u03bc\u03b5 \u03b5\u03be\u03b1\u03c4\u03bc\u03b9\u03c3\u03c4\u03ae \u03bd\u03b5\u03c1\u03bf\u03cd<\/li>\n<li>\u0399\u03b4\u03b1\u03bd\u03b9\u03ba\u03bf\u03af \u03b3\u03b9\u03b1 \u03b6\u03b1\u03c7\u03b1\u03c1\u03bf\u03c0\u03bb\u03b1\u03c3\u03c4\u03b5\u03af\u03b1 \u03ba\u03b1\u03b9 \u03c0\u03b9\u03c4\u03c3\u03b1\u03c1\u03af\u03b5\u03c2<\/li>\n<\/ul>","protected":false},"excerpt":{"rendered":"<ul class=\"product-property-list util-clearfix\">\n<li class=\"property-item\"><span class=\"propery-title\">\u0394\u03b9\u03b1\u03c3\u03c4\u03ac\u03c3\u03b5\u03b9\u03c2 (l) x (w) x (h): <\/span><span class=\"propery-des\">233 x 80 x 87 cm<\/span><\/li>\n<li class=\"property-item\"><span class=\"propery-title\">\u0394\u03b9\u03b1\u03c3\u03c4\u03ac\u03c3\u03b5\u03b9\u03c2 \u03a3\u03c7\u03ac\u03c1\u03b1\u03c2 (l) x (w): <\/span><span class=\"propery-des\">40 x 60 cm<\/span><\/li>\n<li class=\"property-item\"><span class=\"propery-title\">\u0398\u03b5\u03c1\u03bc\u03bf\u03ba\u03c1\u03b1\u03c3\u03af\u03b1 (c): <\/span><span class=\"propery-des\">0 \/ +8<\/span><\/li>\n<li class=\"property-item\"><span class=\"propery-title\">\u039c\u03bf\u03bd\u03c4\u03ad\u03bb\u03bf: <\/span><span class=\"propery-des\">TR-218-4R<\/span><\/li>\n<li class=\"property-item\"><span class=\"propery-title\">\u03a7\u03c9\u03c1\u03b7\u03c4\u03b9\u03ba\u03cc\u03c4\u03b7\u03c4\u03b1 (lt): <\/span><span class=\"propery-des\">700<\/span><\/li>\n<li class=\"property-item\"><span class=\"propery-title\">\u03a0\u03cc\u03c1\u03c4\u03b5\u03c2: <\/span><span class=\"propery-des\">4<\/span><\/li>\n<\/ul>","protected":false},"featured_media":9792,"template":"","meta":[],"product_brand":[253],"product_cat":[165,164],"product_tag":[270,1004,907,918,269,924,984,224,972],"class_list":{"0":"post-9791","1":"product","2":"type-product","3":"status-publish","4":"has-post-thumbnail","6":"product_brand-artsteel","7":"product_cat-psygeia-pagkoi","8":"product_cat-psyxi","9":"product_tag-4-portes","10":"product_tag-40x60","11":"product_tag-artsteel","12":"product_tag-bakerline","13":"product_tag-pagkos","14":"product_tag-syntirisis","15":"product_tag-choris-michani","16":"product_tag-psygeio","17":"product_tag-psygeio-pagkos","18":"pa_diastaseis-221-235cm","19":"pa_leitourgia-syntirisi","20":"pa_portes-904","21":"pa_typos-psygeiou-inox","23":"first","24":"instock","25":"sale","26":"taxable","27":"shipping-taxable","28":"purchasable","29":"product-type-simple"},"aioseo_notices":[],"_links":{"self":[{"href":"https:\/\/megamerch.gr\/en\/wp-json\/wp\/v2\/product\/9791","targetHints":{"allow":["GET"]}}],"collection":[{"href":"https:\/\/megamerch.gr\/en\/wp-json\/wp\/v2\/product"}],"about":[{"href":"https:\/\/megamerch.gr\/en\/wp-json\/wp\/v2\/types\/product"}],"version-history":[{"count":1,"href":"https:\/\/megamerch.gr\/en\/wp-json\/wp\/v2\/product\/9791\/revisions"}],"predecessor-version":[{"id":9793,"href":"https:\/\/megamerch.gr\/en\/wp-json\/wp\/v2\/product\/9791\/revisions\/9793"}],"wp:featuredmedia":[{"embeddable":true,"href":"https:\/\/megamerch.gr\/en\/wp-json\/wp\/v2\/media\/9792"}],"wp:attachment":[{"href":"https:\/\/megamerch.gr\/en\/wp-json\/wp\/v2\/media?parent=9791"}],"wp:term":[{"taxonomy":"product_brand","embeddable":true,"href":"https:\/\/megamerch.gr\/en\/wp-json\/wp\/v2\/product_brand?post=9791"},{"taxonomy":"product_cat","embeddable":true,"href":"https:\/\/megamerch.gr\/en\/wp-json\/wp\/v2\/product_cat?post=9791"},{"taxonomy":"product_tag","embeddable":true,"href":"https:\/\/megamerch.gr\/en\/wp-json\/wp\/v2\/product_tag?post=9791"}],"curies":[{"name":"wp","href":"https:\/\/api.w.org\/{rel}","templated":true}]}}